{"id":41,"date":"2019-02-13T16:47:57","date_gmt":"2019-02-13T15:47:57","guid":{"rendered":"http:\/\/lesecuriesdepalheres.fr\/?page_id=41"},"modified":"2026-04-03T14:23:42","modified_gmt":"2026-04-03T12:23:42","slug":"accueil-2","status":"publish","type":"page","link":"https:\/\/lesecuriesdepalheres.fr\/","title":{"rendered":"Les \u00e9curies de Palh\u00e8res"},"content":{"rendered":"<p><section data-kc-parallax=\"true\" class=\"kc-elm kc-css-945524 kc-animated kc-animate-eff-fadeIn kc-animate-speed-3.5s kc_row\"><div class=\"kc-row-container  kc-container\"><div class=\"kc-wrap-columns\"><div class=\"kc-elm kc-css-398848 kc_col-sm-12 kc_column kc_col-sm-12\"><div class=\"kc-col-container\"><div class=\"kc-elm kc-css-63064 kc_tabs group kc-tabs-slider\"><div class=\"owl-carousel\" data-owl-options='{\"items\":1,\"speed\":450,\"navigation\":\"\",\"pagination\":\"\",\"autoheight\":\"\",\"autoplay\":\"yes\",\"tablet\":1,\"mobile\":1}'><div id=\"new-tab\" class=\"kc-elm kc-css-132224 kc_tab ui-tabs-panel kc_ui-tabs-hide kc_clearfix \"><div class=\"kc_tab_content\">\n<div class=\"kc-elm kc-css-444431 kc-animated kc-animate-eff-fadeIn kc-animate-speed-3s kc-title-wrap \">\n\n\t<h2 class=\"kc_title\">Les \u00e9curies de Palh\u00e8res<\/h2>\n<\/div>\n<div class=\"kc-elm kc-css-758786 kc_text_block\"><\/p>\n<p>\n<\/div><\/div><\/div><\/div><\/div><\/div><\/div><\/div><\/div><\/section><section class=\"kc-elm kc-css-898818 kc_row\"><div class=\"kc-row-container  kc-container\"><div class=\"kc-wrap-columns\"><div class=\"kc-elm kc-css-61528 kc_col-sm-12 kc_column kc_col-sm-12\"><div class=\"kc-col-container\"><div class=\"kc-elm kc-css-4713 kc_row kc_row_inner\"><div class=\"kc-elm kc-css-56416 kc_col-sm-9 kc_column_inner kc_col-sm-9\"><div class=\"kc_wrapper kc-col-inner-container\">\n<div class=\"kc-elm kc-css-106104 kc-title-wrap \">\n\n\t<h1 class=\"kc_title\">A propos de nous<\/h1>\n<\/div>\n<div class=\"kc-elm kc-css-994595 kc_text_block\"><\/p>\n<p class=\"MsoNormal\"><a name=\"OLE_LINK2\"><\/a><a name=\"OLE_LINK1\"><\/a><\/p>\n<p>Depuis plus de 40 ans, Les Ecuries de Palh\u00e8res sont sp\u00e9cialis\u00e9es dans le domaine de la randonn\u00e9e \u00e9questre sur le d\u00e9partement de la Loz\u00e8re.<\/p>\n<p>Entreprise familiale cr\u00e9\u00e9e par Patrick Poyeton, un des pionniers du tourisme \u00e9questre en France, les Ecuries sont aujourd&rsquo;hui g\u00e9r\u00e9es par son gendre Eric Sill\u00e8re, qui a appris aupr\u00e8s de lui pendant 20 ans.<\/p>\n<p>Notre centre de tourisme \u00e9questre est situ\u00e9 \u00e0 c\u00f4t\u00e9 du Lac de Naussac. Il est ouvert toute l&rsquo;ann\u00e9e.<\/p>\n<p>Dans l&rsquo;\u00e9crin de nature qui entoure le centre, nous vous invitons \u00e0 venir d\u00e9couvrir le plaisir des promenades \u00e0 cheval entre lacs et for\u00eats. Nous vous emm\u00e8nerons sur des circuits d&rsquo;1h ou de 2h avec un accompagnement professionnel adapt\u00e9 \u00e0 tous les niveaux sur r\u00e9servation.<\/p>\n<p>Pour les cavaliers aguerris de 11 ans aux adultes, nous proposons des circuits de randonn\u00e9es d&rsquo;une semaine ou plus pour d\u00e9couvrir la Margeride, les C\u00e9vennes ou tout autre secteur de notre belle r\u00e9gion.<\/p>\n<p>Pendant toute l&rsquo;ann\u00e9e scolaire, notre \u00e9cole d&rsquo;\u00e9quitation accueille les cavaliers de 6 ans aux adultes, dans des cours hebdomadaires dispens\u00e9s par un moniteur dipl\u00f4m\u00e9. Nos poneys feront aussi la joie des plus petits.<\/p>\n<p>Nous proposons \u00e9galement d\u2019accueillir vos chers \u00e9quid\u00e9s en pension au pr\u00e9 ou au boxe, selon vos souhaits.<\/p>\n<p>Bienvenue sur notre site et bonne visite\u00a0!<\/p>\n<p>\n<\/div><\/div><\/div><div class=\"kc-elm kc-css-504023 kc_col-sm-3 kc_column_inner kc_col-sm-3\"><div class=\"kc_wrapper kc-col-inner-container\"><div class=\"kc-elm kc-css-965125 kc_tabs group ... kc-tabs-slider\"><div class=\"owl-carousel\" data-owl-options='{\"items\":1,\"speed\":1000,\"navigation\":\"\",\"pagination\":\"yes\",\"autoheight\":\"yes\",\"autoplay\":\"yes\",\"tablet\":1,\"mobile\":1}'><div id=\"\" class=\"kc-elm kc-css-957313 kc_tab ui-tabs-panel kc_ui-tabs-hide kc_clearfix \"><div class=\"kc_tab_content\"><div class=\"kc-elm kc-css-838794 kc-feature-boxes kc-fb-layout-2\">\n\n\t<figure class=\"content-image\"><img decoding=\"async\" src=\"https:\/\/lesecuriesdepalheres.fr\/wp-content\/uploads\/2026\/04\/programme-avec-tarifs.png\" alt=\"\"><\/figure><div class=\"content-title\">Programme d:apos:avril<\/div><div class=\"content-button\"><a href=\"https:\/\/lesecuriesdepalheres.fr\/wp-content\/uploads\/2026\/04\/programme-avec-tarifs.png\" target=\"_blank\" title=\"Programme d:apos:avril\">En savoir plus<\/a><\/div>\n<\/div>\n<\/div><\/div><div id=\"\" class=\"kc-elm kc-css-422398 kc_tab ui-tabs-panel kc_ui-tabs-hide kc_clearfix \"><div class=\"kc_tab_content\"><div class=\"kc-elm kc-css-168208 kc-feature-boxes kc-fb-layout-2\">\n\n\t<figure class=\"content-image\"><img decoding=\"async\" src=\"https:\/\/lesecuriesdepalheres.fr\/wp-content\/uploads\/2026\/04\/randos.png\" alt=\"\"><\/figure><div class=\"content-title\">Programme de mai<\/div><div class=\"content-button\"><a href=\"https:\/\/lesecuriesdepalheres.fr\/wp-content\/uploads\/2026\/04\/randos.png\" target=\"_blank\" title=\"Programme de mai\">En savoir plus<\/a><\/div>\n<\/div>\n<\/div><\/div><div id=\"\" class=\"kc-elm kc-css-269925 kc_tab ui-tabs-panel kc_ui-tabs-hide kc_clearfix \"><div class=\"kc_tab_content\"><div class=\"kc-elm kc-css-154991 kc-feature-boxes kc-fb-layout-2\">\n\n\t<figure class=\"content-image\"><img decoding=\"async\" src=\"https:\/\/lesecuriesdepalheres.fr\/wp-content\/uploads\/2025\/05\/afficheBoutique.png\" alt=\"\"><\/figure><div class=\"content-title\">Soutenez vos \u00e9curies avec style !<\/div><div class=\"content-desc\">Commandez d\u00e9sormais quand vous le souhaitez les articles aux couleurs de vos \u00e9curies !!!<\/div><div class=\"content-button\"><a href=\"https:\/\/lesecuriesdepalheres.fr\/wp-content\/uploads\/2025\/05\/affichage-boutique-du-club.pdf\" target=\"_self\" title=\"\u00c9cole d\u2019\u00e9quitation\">En savoir plus<\/a><\/div>\n<\/div>\n<\/div><\/div><div id=\"\" class=\"kc-elm kc-css-151502 kc_tab ui-tabs-panel kc_ui-tabs-hide kc_clearfix \"><div class=\"kc_tab_content\"><div class=\"kc-elm kc-css-902019 kc-feature-boxes kc-fb-layout-2\">\n\n\t<figure class=\"content-image\"><img decoding=\"async\" src=\"https:\/\/lesecuriesdepalheres.fr\/wp-content\/uploads\/2019\/03\/17.jpg\" alt=\"\"><\/figure><div class=\"content-title\">Randonn\u00e9es 2026<\/div><div class=\"content-desc\">Venez d\u00e9couvrir le catalogue des randonn\u00e9es 2026 !<\/div><div class=\"content-button\"><a href=\"https:\/\/lesecuriesdepalheres.fr\/index.php\/randonnees\/\" target=\"_self\" title=\"\u00c9cole d\u2019\u00e9quitation\">En savoir plus<\/a><\/div>\n<\/div>\n<\/div><\/div><\/div><\/div><\/div><\/div><\/div>\n<div class=\"kc-elm kc-css-976311 divider_line\">\n\t<div class=\"divider_inner divider_line1\">\n\t\t\t<\/div>\n<\/div>\n<div id=\" \" class=\"kc-elm kc-css-480838 kc_row kc_row_inner\"><div class=\"kc-elm kc-css-183472 kc_col-sm-4 kc_column_inner kc_col-sm-4\"><div class=\"kc_wrapper kc-col-inner-container\"><div class=\"kc-elm kc-css-335391 kc-feature-boxes kc-fb-layout-1\">\n\n\t<div class=\"content-icon\"><i class=\"fa-chess-knight\"><\/i><\/div><div class=\"content-title\">\u00c9cole d:apos:\u00e9quitation<\/div><div class=\"content-desc\">L'instruction s'adresse aux cavaliers d\u00e9butants ou confirm\u00e9s.<br \/><br \/><br \/><\/div><div class=\"content-button\"><a href=\"https:\/\/lesecuriesdepalheres.fr\/index.php\/ecole-dequitation\/\" target=\"_self\" title=\"\u00c9cole d\u2019\u00e9quitation\">En savoir plus...<\/a><\/div>\n<\/div>\n\n<div class=\"kc-elm kc-css-593842 divider_line\">\n\t<div class=\"divider_inner divider_line1\">\n\t\t\t<\/div>\n<\/div>\n<div class=\"kc-elm kc-css-305002 kc-feature-boxes kc-fb-layout-1\">\n\n\t<div class=\"content-icon\"><i class=\"fab-accessible-icon\"><\/i><\/div><div class=\"content-title\">Enseignement sp\u00e9cialis\u00e9<\/div><div class=\"content-desc\">Depuis plus de 30 ans, nous accueillons r\u00e9guli\u00e8rement des handicap\u00e9s mentaux et physiques \u00e0 faible handicap.<br \/><br \/><br \/><\/div><div class=\"content-button\"><a href=\"https:\/\/lesecuriesdepalheres.fr\/index.php\/enseignement-specialise\/\" target=\"_self\" title=\"Enseignement Sp\u00e9cialis\u00e9\">En savoir plus...<\/a><\/div>\n<\/div>\n<\/div><\/div><div class=\"kc-elm kc-css-684194 kc_col-sm-4 kc_column_inner kc_col-sm-4\"><div class=\"kc_wrapper kc-col-inner-container\"><div class=\"kc-elm kc-css-18238 kc-feature-boxes kc-fb-layout-1\">\n\n\t<div class=\"content-icon\"><i class=\"fab-pied-piper-alt\"><\/i><\/div><div class=\"content-title\">Promenades \u00e0 l:apos:heure<\/div><div class=\"content-desc\">Envie d'une promenade d'une heure ou deux, en famille, entre amis, en amoureux ou bien tout seul... <br \/><br \/><br \/><\/div><div class=\"content-button\"><a href=\"https:\/\/lesecuriesdepalheres.fr\/index.php\/promenade\/\" target=\"_self\" title=\"Promenade \u00e0 l\u2019heure\">En savoir plus...<\/a><\/div>\n<\/div>\n\n<div class=\"kc-elm kc-css-795586 divider_line\">\n\t<div class=\"divider_inner divider_line1\">\n\t\t\t<\/div>\n<\/div>\n<div class=\"kc-elm kc-css-225918 kc-feature-boxes kc-fb-layout-1\">\n\n\t<div class=\"content-icon\"><i class=\"fab-accusoft\"><\/i><\/div><div class=\"content-title\">Pensions de chevaux<\/div><div class=\"content-desc\">Prestation \u00e0 partir de 180 euros\/mois avec diff\u00e9rentes formules.\r\n<br \/><br \/><br \/><\/div><div class=\"content-button\"><a href=\"https:\/\/lesecuriesdepalheres.fr\/index.php\/pensions\/\" target=\"_self\" title=\"Pensions de chevaux\">En savoir plus...<\/a><\/div>\n<\/div>\n<\/div><\/div><div class=\"kc-elm kc-css-668228 kc_col-sm-4 kc_column_inner kc_col-sm-4\"><div class=\"kc_wrapper kc-col-inner-container\"><div class=\"kc-elm kc-css-631829 kc-feature-boxes kc-fb-layout-1\">\n\n\t<div class=\"content-icon\"><i class=\"fab-sticker-mule\"><\/i><\/div><div class=\"content-title\">Randonn\u00e9es<\/div><div class=\"content-desc\">Envie de vivre une exp\u00e9rience \u00e9questre unique...\r\n<br \/><br \/><br \/><br \/><\/div><div class=\"content-button\"><a href=\"https:\/\/lesecuriesdepalheres.fr\/index.php\/randonnees\/\" target=\"_self\" title=\"Randonn\u00e9es\">En savoir plus...<\/a><\/div>\n<\/div>\n\n<div class=\"kc-elm kc-css-139876 divider_line\">\n\t<div class=\"divider_inner divider_line1\">\n\t\t\t<\/div>\n<\/div>\n<div class=\"kc-elm kc-css-210972 kc-feature-boxes kc-fb-layout-1\">\n\n\t<div class=\"content-icon\"><i class=\"fa-users\"><\/i><\/div><div class=\"content-title\">Mais aussi...<\/div><div class=\"content-desc\">Des programmes adapt\u00e9s aux sorties scolaire\r\n<br \/><br \/>\r\nVous souhaitez louer le man\u00e8ge, c'est possible\r\n<br \/><br \/><\/div><div class=\"content-button\"><a href=\"https:\/\/lesecuriesdepalheres.fr\/index.php\/egalement\/\" target=\"_self\" title=\"Mais aussi\u2026\">En savoir plus...<\/a><\/div>\n<\/div>\n<\/div><\/div><\/div><div class=\"kc-elm kc-css-524423 kc_row kc_row_inner\"><div class=\"kc-elm kc-css-868049 kc_col-sm-12 kc_column_inner kc_col-sm-12\"><div class=\"kc_wrapper kc-col-inner-container\">\n<div class=\"kc-elm kc-css-342304 divider_line\">\n\t<div class=\"divider_inner divider_line2\">\n\t\t<i class=\"fab-facebook-square\"><\/i>\t<\/div>\n<\/div>\n<div class=\"kc-elm kc-css-228286 kc-multi-icons-wrapper\">\n\t\t\t<a href=\"https:\/\/www.facebook.com\/lesecuriesdepalheres\" target=\"_self\" title=\"Suivez nous sur Facebook !\" class=\"multi-icons-link multi-iconsfab-facebook-f\">\n\t\t\t<i class=\"fab-facebook-f\"><\/i>\n\t\t<\/a>\n\n\t<\/div>\n<div class=\"kc-elm kc-css-449770 kc-raw-code\"><div class=\"cff-wrapper\"><div class=\"cff-wrapper-ctn \" ><div id=\"cff\"  class=\"cff cff-list-container  cff-default-styles  cff-mob-cols-1 cff-tab-cols-1\"   style=\"width:100%;\"   data-char=\"400\"  data-cff-flags=\"gdpr\" ><div class=\"cff-error-msg\">\n\t<div>\n\t\t<i class=\"fa fa-lock\" aria-hidden=\"true\" style=\"margin-right: 5px;\"><\/i><b>Ce message est uniquement visible par les administrateurs\/administratrices.<\/b><br\/>\n\t\tProbl\u00e8me d\u2019affichage des publications Facebook.\t\t\t\t\t<br\/><a href=\"javascript:void(0);\" id=\"cff-show-error\" onclick=\"cffShowError()\">Cliquer pour afficher l\u2019erreur<\/a>\n\t\t\t<script type=\"text\/javascript\">function cffShowError() { document.getElementById(\"cff-error-reason\").style.display = \"block\"; document.getElementById(\"cff-show-error\").style.display = \"none\"; }<\/script>\n\t\t\t<\/div>\n\t\t\t<div id=\"cff-error-reason\">\n\t\t\t\t\t\t\t\t\t\t\t\t\t\t\t\t\t\t\t\t\t\t\t\t\t\t\t\t\t\t\t\t\t<b>Erreur:<\/b> Aucune publication n\u2019est disponible pour cet ID Facebook.\t\t\t\t\t\t\t\t\n\t\t\t<\/div>\n\t\t\t\t\n<\/div>\n<div class=\"cff-posts-wrap\"><\/div><input class=\"cff-pag-url\" type=\"hidden\" data-locatornonce=\"9328db3c41\" data-cff-shortcode=\"\" data-post-id=\"41\" data-feed-id=\"lesecuriesdepalheres\"><\/div><\/div><div class=\"cff-clear\"><\/div><\/div><\/div><\/div><\/div><\/div>\n<div class=\"kc-elm kc-css-414577 divider_line\">\n\t<div class=\"divider_inner divider_line1\">\n\t\t\t<\/div>\n<\/div>\n<div class=\"kc-elm kc-css-430519 kc_row kc_row_inner\"><div class=\"kc-elm kc-css-26878 kc_col-sm-6 kc_column_inner kc_col-sm-6\"><div class=\"kc_wrapper kc-col-inner-container\"><div class=\"kc-elm kc-css-170865 kc-feature-boxes kc-fb-layout-3\">\n\n\t<div class=\"content-icon\"><i class=\"et-map\"><\/i><\/div><div class=\"box-right\"><div class=\"content-title\">Nos bureaux<\/div><div class=\"content-desc\">Les \u00e9curies de Palh\u00e8res<br>\r\n\r\nPalh\u00e8res<br>\r\n\r\n48300 Rocles<br>\r\n\r\nFrance<br>\r\n\r\n+33 687305659<br><\/div><\/div>\n<\/div>\n<\/div><\/div><div class=\"kc-elm kc-css-199612 kc_col-sm-6 kc_column_inner kc_col-sm-6\"><div class=\"kc_wrapper kc-col-inner-container\"><div class=\"kc-elm kc-css-795658 kc-feature-boxes kc-fb-layout-3\">\n\n\t<div class=\"content-icon\"><i class=\"et-map\"><\/i><\/div><div class=\"box-right\"><div class=\"content-title\">Horaires<\/div><div class=\"content-desc\">Du lundi au vendredi -> 9:00 - 19:00<br>\r\nSamedi -> 9:00 - 17:00<br>\r\nDimanche -> Repos<\/div><\/div>\n<\/div>\n<\/div><\/div><\/div>\n<div class=\"kc-elm kc-css-828090 divider_line\">\n\t<div class=\"divider_inner divider_line1\">\n\t\t\t<\/div>\n<\/div>\n<div class=\"kc-elm kc-css-250700 kc_google_maps kc_shortcode\"><div style=\"height: 350px\" class=\"kc-google-maps\"><iframe loading=\"lazy\" src=\"https:\/\/www.google.com\/maps\/embed?pb=!1m18!1m12!1m3!1d2834.1937289486855!2d3.778798615894974!3d44.73606427909909!2m3!1f0!2f0!3f0!3m2!1i1024!2i768!4f13.1!3m3!1m2!1s0x12b4a72ac1a97ed7%3A0x1c5a0e2f9cc4cc31!2sLes+Ecuries+de+Palh%C3%A8res!5e0!3m2!1sfr!2sfr!4v1545386528494\" width=\"100%\" height=\"350\" frameborder=\"0\" style=\"border:0\" allowfullscreen><\/iframe><\/div><\/div><div class=\"kc-elm kc-css-181750\" style=\"height: 30px; clear: both; width:100%;\"><\/div><\/div><\/div><\/div><\/div><\/section><\/p>\n","protected":false},"excerpt":{"rendered":"","protected":false},"author":2,"featured_media":0,"parent":0,"menu_order":0,"comment_status":"closed","ping_status":"closed","template":"template-parts\/template-homepage.php","meta":{"footnotes":""},"class_list":["post-41","page","type-page","status-publish","hentry"],"yoast_head":"<!-- This site is optimized with the Yoast SEO plugin v27.3 - https:\/\/yoast.com\/product\/yoast-seo-wordpress\/ -->\n<title>\u00c9cole d&#039;\u00e9quitation Loz\u00e8re, Rando cheval, Ballades \u00e9questres autour du Lac de Naussac, \u00e0 Langogne en Loz\u00e8re<\/title>\n<meta name=\"description\" content=\"Les \u00e9curies de Palh\u00e8res - Rando ou promendade \u00e0 cheval Loz\u00e8re, \u00e9cole d&#039;\u00e9quitation Langogne, Lac de Naussac\" \/>\n<meta name=\"robots\" content=\"index, follow, max-snippet:-1, max-image-preview:large, max-video-preview:-1\" \/>\n<link rel=\"canonical\" href=\"https:\/\/lesecuriesdepalheres.fr\/\" \/>\n<meta property=\"og:locale\" content=\"fr_FR\" \/>\n<meta property=\"og:type\" content=\"article\" \/>\n<meta property=\"og:title\" content=\"\u00c9cole d&#039;\u00e9quitation Loz\u00e8re, Rando cheval, Ballades \u00e9questres autour du Lac de Naussac, \u00e0 Langogne en Loz\u00e8re\" \/>\n<meta property=\"og:description\" content=\"Les \u00e9curies de Palh\u00e8res - Rando ou promendade \u00e0 cheval Loz\u00e8re, \u00e9cole d&#039;\u00e9quitation Langogne, Lac de Naussac\" \/>\n<meta property=\"og:url\" content=\"https:\/\/lesecuriesdepalheres.fr\/\" \/>\n<meta property=\"og:site_name\" content=\"Les \u00e9curies de Palh\u00e8res\" \/>\n<meta property=\"article:publisher\" content=\"https:\/\/www.facebook.com\/lesecuriesdepalheres\" \/>\n<meta property=\"article:modified_time\" content=\"2026-04-03T12:23:42+00:00\" \/>\n<meta property=\"og:image\" content=\"https:\/\/lesecuriesdepalheres.fr\/wp-content\/uploads\/2026\/04\/programme-avec-tarifs.png\" \/>\n<meta name=\"twitter:card\" content=\"summary_large_image\" \/>\n<meta name=\"twitter:label1\" content=\"Dur\u00e9e de lecture estim\u00e9e\" \/>\n\t<meta name=\"twitter:data1\" content=\"4 minutes\" \/>\n<script type=\"application\/ld+json\" class=\"yoast-schema-graph\">{\"@context\":\"https:\\\/\\\/schema.org\",\"@graph\":[{\"@type\":\"WebPage\",\"@id\":\"https:\\\/\\\/lesecuriesdepalheres.fr\\\/\",\"url\":\"https:\\\/\\\/lesecuriesdepalheres.fr\\\/\",\"name\":\"\u00c9cole d'\u00e9quitation Loz\u00e8re, Rando cheval, Ballades \u00e9questres autour du Lac de Naussac, \u00e0 Langogne en Loz\u00e8re\",\"isPartOf\":{\"@id\":\"https:\\\/\\\/lesecuriesdepalheres.fr\\\/#website\"},\"primaryImageOfPage\":{\"@id\":\"https:\\\/\\\/lesecuriesdepalheres.fr\\\/#primaryimage\"},\"image\":{\"@id\":\"https:\\\/\\\/lesecuriesdepalheres.fr\\\/#primaryimage\"},\"thumbnailUrl\":\"https:\\\/\\\/lesecuriesdepalheres.fr\\\/wp-content\\\/uploads\\\/2026\\\/04\\\/programme-avec-tarifs.png\",\"datePublished\":\"2019-02-13T15:47:57+00:00\",\"dateModified\":\"2026-04-03T12:23:42+00:00\",\"description\":\"Les \u00e9curies de Palh\u00e8res - Rando ou promendade \u00e0 cheval Loz\u00e8re, \u00e9cole d'\u00e9quitation Langogne, Lac de Naussac\",\"breadcrumb\":{\"@id\":\"https:\\\/\\\/lesecuriesdepalheres.fr\\\/#breadcrumb\"},\"inLanguage\":\"fr-FR\",\"potentialAction\":[{\"@type\":\"ReadAction\",\"target\":[\"https:\\\/\\\/lesecuriesdepalheres.fr\\\/\"]}]},{\"@type\":\"ImageObject\",\"inLanguage\":\"fr-FR\",\"@id\":\"https:\\\/\\\/lesecuriesdepalheres.fr\\\/#primaryimage\",\"url\":\"https:\\\/\\\/lesecuriesdepalheres.fr\\\/wp-content\\\/uploads\\\/2026\\\/04\\\/programme-avec-tarifs.png\",\"contentUrl\":\"https:\\\/\\\/lesecuriesdepalheres.fr\\\/wp-content\\\/uploads\\\/2026\\\/04\\\/programme-avec-tarifs.png\"},{\"@type\":\"BreadcrumbList\",\"@id\":\"https:\\\/\\\/lesecuriesdepalheres.fr\\\/#breadcrumb\",\"itemListElement\":[{\"@type\":\"ListItem\",\"position\":1,\"name\":\"Accueil\",\"item\":\"https:\\\/\\\/lesecuriesdepalheres.fr\\\/\"},{\"@type\":\"ListItem\",\"position\":2,\"name\":\"Les \u00e9curies de Palh\u00e8res\"}]},{\"@type\":\"WebSite\",\"@id\":\"https:\\\/\\\/lesecuriesdepalheres.fr\\\/#website\",\"url\":\"https:\\\/\\\/lesecuriesdepalheres.fr\\\/\",\"name\":\"Les \u00e9curies de Palh\u00e8res\",\"description\":\"\",\"publisher\":{\"@id\":\"https:\\\/\\\/lesecuriesdepalheres.fr\\\/#organization\"},\"potentialAction\":[{\"@type\":\"SearchAction\",\"target\":{\"@type\":\"EntryPoint\",\"urlTemplate\":\"https:\\\/\\\/lesecuriesdepalheres.fr\\\/?s={search_term_string}\"},\"query-input\":{\"@type\":\"PropertyValueSpecification\",\"valueRequired\":true,\"valueName\":\"search_term_string\"}}],\"inLanguage\":\"fr-FR\"},{\"@type\":\"Organization\",\"@id\":\"https:\\\/\\\/lesecuriesdepalheres.fr\\\/#organization\",\"name\":\"Les \u00e9curies de Palh\u00e8res\",\"url\":\"https:\\\/\\\/lesecuriesdepalheres.fr\\\/\",\"logo\":{\"@type\":\"ImageObject\",\"inLanguage\":\"fr-FR\",\"@id\":\"https:\\\/\\\/lesecuriesdepalheres.fr\\\/#\\\/schema\\\/logo\\\/image\\\/\",\"url\":\"https:\\\/\\\/lesecuriesdepalheres.fr\\\/wp-content\\\/uploads\\\/2019\\\/02\\\/Logo.png\",\"contentUrl\":\"https:\\\/\\\/lesecuriesdepalheres.fr\\\/wp-content\\\/uploads\\\/2019\\\/02\\\/Logo.png\",\"width\":622,\"height\":836,\"caption\":\"Les \u00e9curies de Palh\u00e8res\"},\"image\":{\"@id\":\"https:\\\/\\\/lesecuriesdepalheres.fr\\\/#\\\/schema\\\/logo\\\/image\\\/\"},\"sameAs\":[\"https:\\\/\\\/www.facebook.com\\\/lesecuriesdepalheres\"]}]}<\/script>\n<!-- \/ Yoast SEO plugin. -->","yoast_head_json":{"title":"\u00c9cole d'\u00e9quitation Loz\u00e8re, Rando cheval, Ballades \u00e9questres autour du Lac de Naussac, \u00e0 Langogne en Loz\u00e8re","description":"Les \u00e9curies de Palh\u00e8res - Rando ou promendade \u00e0 cheval Loz\u00e8re, \u00e9cole d'\u00e9quitation Langogne, Lac de Naussac","robots":{"index":"index","follow":"follow","max-snippet":"max-snippet:-1","max-image-preview":"max-image-preview:large","max-video-preview":"max-video-preview:-1"},"canonical":"https:\/\/lesecuriesdepalheres.fr\/","og_locale":"fr_FR","og_type":"article","og_title":"\u00c9cole d'\u00e9quitation Loz\u00e8re, Rando cheval, Ballades \u00e9questres autour du Lac de Naussac, \u00e0 Langogne en Loz\u00e8re","og_description":"Les \u00e9curies de Palh\u00e8res - Rando ou promendade \u00e0 cheval Loz\u00e8re, \u00e9cole d'\u00e9quitation Langogne, Lac de Naussac","og_url":"https:\/\/lesecuriesdepalheres.fr\/","og_site_name":"Les \u00e9curies de Palh\u00e8res","article_publisher":"https:\/\/www.facebook.com\/lesecuriesdepalheres","article_modified_time":"2026-04-03T12:23:42+00:00","og_image":[{"url":"https:\/\/lesecuriesdepalheres.fr\/wp-content\/uploads\/2026\/04\/programme-avec-tarifs.png","type":"","width":"","height":""}],"twitter_card":"summary_large_image","twitter_misc":{"Dur\u00e9e de lecture estim\u00e9e":"4 minutes"},"schema":{"@context":"https:\/\/schema.org","@graph":[{"@type":"WebPage","@id":"https:\/\/lesecuriesdepalheres.fr\/","url":"https:\/\/lesecuriesdepalheres.fr\/","name":"\u00c9cole d'\u00e9quitation Loz\u00e8re, Rando cheval, Ballades \u00e9questres autour du Lac de Naussac, \u00e0 Langogne en Loz\u00e8re","isPartOf":{"@id":"https:\/\/lesecuriesdepalheres.fr\/#website"},"primaryImageOfPage":{"@id":"https:\/\/lesecuriesdepalheres.fr\/#primaryimage"},"image":{"@id":"https:\/\/lesecuriesdepalheres.fr\/#primaryimage"},"thumbnailUrl":"https:\/\/lesecuriesdepalheres.fr\/wp-content\/uploads\/2026\/04\/programme-avec-tarifs.png","datePublished":"2019-02-13T15:47:57+00:00","dateModified":"2026-04-03T12:23:42+00:00","description":"Les \u00e9curies de Palh\u00e8res - Rando ou promendade \u00e0 cheval Loz\u00e8re, \u00e9cole d'\u00e9quitation Langogne, Lac de Naussac","breadcrumb":{"@id":"https:\/\/lesecuriesdepalheres.fr\/#breadcrumb"},"inLanguage":"fr-FR","potentialAction":[{"@type":"ReadAction","target":["https:\/\/lesecuriesdepalheres.fr\/"]}]},{"@type":"ImageObject","inLanguage":"fr-FR","@id":"https:\/\/lesecuriesdepalheres.fr\/#primaryimage","url":"https:\/\/lesecuriesdepalheres.fr\/wp-content\/uploads\/2026\/04\/programme-avec-tarifs.png","contentUrl":"https:\/\/lesecuriesdepalheres.fr\/wp-content\/uploads\/2026\/04\/programme-avec-tarifs.png"},{"@type":"BreadcrumbList","@id":"https:\/\/lesecuriesdepalheres.fr\/#breadcrumb","itemListElement":[{"@type":"ListItem","position":1,"name":"Accueil","item":"https:\/\/lesecuriesdepalheres.fr\/"},{"@type":"ListItem","position":2,"name":"Les \u00e9curies de Palh\u00e8res"}]},{"@type":"WebSite","@id":"https:\/\/lesecuriesdepalheres.fr\/#website","url":"https:\/\/lesecuriesdepalheres.fr\/","name":"Les \u00e9curies de Palh\u00e8res","description":"","publisher":{"@id":"https:\/\/lesecuriesdepalheres.fr\/#organization"},"potentialAction":[{"@type":"SearchAction","target":{"@type":"EntryPoint","urlTemplate":"https:\/\/lesecuriesdepalheres.fr\/?s={search_term_string}"},"query-input":{"@type":"PropertyValueSpecification","valueRequired":true,"valueName":"search_term_string"}}],"inLanguage":"fr-FR"},{"@type":"Organization","@id":"https:\/\/lesecuriesdepalheres.fr\/#organization","name":"Les \u00e9curies de Palh\u00e8res","url":"https:\/\/lesecuriesdepalheres.fr\/","logo":{"@type":"ImageObject","inLanguage":"fr-FR","@id":"https:\/\/lesecuriesdepalheres.fr\/#\/schema\/logo\/image\/","url":"https:\/\/lesecuriesdepalheres.fr\/wp-content\/uploads\/2019\/02\/Logo.png","contentUrl":"https:\/\/lesecuriesdepalheres.fr\/wp-content\/uploads\/2019\/02\/Logo.png","width":622,"height":836,"caption":"Les \u00e9curies de Palh\u00e8res"},"image":{"@id":"https:\/\/lesecuriesdepalheres.fr\/#\/schema\/logo\/image\/"},"sameAs":["https:\/\/www.facebook.com\/lesecuriesdepalheres"]}]}},"_links":{"self":[{"href":"https:\/\/lesecuriesdepalheres.fr\/index.php\/wp-json\/wp\/v2\/pages\/41","targetHints":{"allow":["GET"]}}],"collection":[{"href":"https:\/\/lesecuriesdepalheres.fr\/index.php\/wp-json\/wp\/v2\/pages"}],"about":[{"href":"https:\/\/lesecuriesdepalheres.fr\/index.php\/wp-json\/wp\/v2\/types\/page"}],"author":[{"embeddable":true,"href":"https:\/\/lesecuriesdepalheres.fr\/index.php\/wp-json\/wp\/v2\/users\/2"}],"replies":[{"embeddable":true,"href":"https:\/\/lesecuriesdepalheres.fr\/index.php\/wp-json\/wp\/v2\/comments?post=41"}],"version-history":[{"count":808,"href":"https:\/\/lesecuriesdepalheres.fr\/index.php\/wp-json\/wp\/v2\/pages\/41\/revisions"}],"predecessor-version":[{"id":2524,"href":"https:\/\/lesecuriesdepalheres.fr\/index.php\/wp-json\/wp\/v2\/pages\/41\/revisions\/2524"}],"wp:attachment":[{"href":"https:\/\/lesecuriesdepalheres.fr\/index.php\/wp-json\/wp\/v2\/media?parent=41"}],"curies":[{"name":"wp","href":"https:\/\/api.w.org\/{rel}","templated":true}]}}