{"id":263,"date":"2019-02-13T22:36:29","date_gmt":"2019-02-13T21:36:29","guid":{"rendered":"http:\/\/lesecuriesdepalheres.fr\/?page_id=263"},"modified":"2025-08-26T12:09:21","modified_gmt":"2025-08-26T10:09:21","slug":"ecole-dequitation","status":"publish","type":"page","link":"https:\/\/lesecuriesdepalheres.fr\/index.php\/ecole-dequitation\/","title":{"rendered":"\u00c9cole d&rsquo;\u00e9quitation"},"content":{"rendered":"<p><section data-kc-parallax=\"true\" class=\"kc-elm kc-css-918784 kc-animated kc-animate-eff-fadeIn kc-animate-speed-3.5s kc_row\"><div class=\"kc-row-container  kc-container\"><div class=\"kc-wrap-columns\"><div class=\"kc-elm kc-css-74471 kc_col-sm-12 kc_column kc_col-sm-12\"><div class=\"kc-col-container\"><div class=\"kc-elm kc-css-934586 kc_tabs group kc-tabs-slider\"><div class=\"owl-carousel\" data-owl-options='{\"items\":1,\"speed\":450,\"navigation\":\"\",\"pagination\":\"\",\"autoheight\":\"\",\"autoplay\":\"yes\",\"tablet\":1,\"mobile\":1}'><div id=\"new-tab\" class=\"kc-elm kc-css-744177 kc_tab ui-tabs-panel kc_ui-tabs-hide kc_clearfix \"><div class=\"kc_tab_content\">\n<div class=\"kc-elm kc-css-571238 kc-animated kc-animate-eff-fadeIn kc-animate-speed-3s kc-title-wrap \">\n\n\t<h2 class=\"kc_title\">Les \u00e9curies de Palh\u00e8res<\/h2>\n<\/div>\n<div class=\"kc-elm kc-css-402254 kc_text_block\"><\/p>\n<p>\n<\/div><\/div><\/div><\/div><\/div><\/div><\/div><\/div><\/div><\/section><section data-kc-fullwidth=\"row\" class=\"kc-elm kc-css-146117 kc_row\"><div class=\"kc-row-container  kc-container\"><div class=\"kc-wrap-columns\"><div class=\"kc-elm kc-css-235322 kc_col-sm-12 kc_column kc_col-sm-12\"><div class=\"kc-col-container\"><div class=\"kc-elm kc-css-921942 kc_row kc_row_inner\"><div class=\"kc-elm kc-css-670617 kc_col-sm-8 kc_column_inner kc_col-sm-8\"><div class=\"kc_wrapper kc-col-inner-container\">\n<div class=\"kc-elm kc-css-411068 kc-title-wrap \">\n\n\t<h1 class=\"kc_title\">\u00c9cole d'\u00e9quitation<\/h1>\n<\/div>\n<div class=\"kc-elm kc-css-364658\" style=\"height: 10px; clear: both; width:100%;\"><\/div><div class=\"kc-elm kc-css-349704 kc_text_block\"><\/p>\n<p>\nL&rsquo;instruction s&rsquo;adresse aux cavaliers d\u00e9butants ou confirm\u00e9s.<\/p>\n<p>Les reprises sont dispens\u00e9es chaque semaine, sauf pendant les vacances scolaires. Nos cavaliers profitent tous de l\u2019encadrement d\u2019un enseignant dipl\u00f4m\u00e9 d&rsquo;\u00c9tat, avec qui ils d\u00e9couvrent diff\u00e9rentes disciplines \u00e9questres, et la joie des sorties en ext\u00e9rieur. La cavalerie est adapt\u00e9e au niveau des groupes.<\/p>\n<ul>\n<li>Les s\u00e9ances d\u2019enfants et d\u2019ados, sont de niveau homog\u00e8ne, organis\u00e9es en toute s\u00e9curit\u00e9 \u00e0 l&rsquo;ext\u00e9rieur comme en man\u00e8ge couvert.<\/li>\n<\/ul>\n<ul>\n<li>Les adultes qui souhaitent d\u00e9couvrir ou red\u00e9couvrir le plaisir du contact avec le cheval, s&rsquo;initier \u00e0 une activit\u00e9 sportive r\u00e9g\u00e9n\u00e9rante, dans une ambiance \u00e0 la fois conviviale et s\u00e9rieuse, sont les bienvenus dans le cours \u00ab\u00a0adultes\u00a0\u00bb .<\/li>\n<\/ul>\n<ul>\n<li>Les plus jeunes \u00e0 partir de 6 ans qui souhaitent d\u00e9couvrir cette fabuleuse activit\u00e9 sont bienvenus dans le cours adapt\u00e9 du mercredi matin.<\/li>\n<\/ul>\n<p>Des stages de pr\u00e9paration aux passages de galops sont organis\u00e9s r\u00e9guli\u00e8rement. Les cavaliers non adh\u00e9rents \u00e0 une structure sont \u00e9galement bienvenus.<\/p>\n<p>L\u2019adh\u00e9sion est sous forme d&rsquo;une carte de 10 cours renouvelables, valable un an \u00e0 partir de la date d&rsquo;achat.<\/p>\n<p>Vous trouverez tous les tarifs dans le dossier d&rsquo;inscription \u00e0 t\u00e9l\u00e9charger en bas de la page.<\/p>\n<p>\n<\/div><\/div><\/div><div class=\"kc-elm kc-css-275098 kc_col-sm-4 kc_column_inner kc_col-sm-4\"><div class=\"kc_wrapper kc-col-inner-container\"><div class=\"kc-elm kc-css-463201 kc_shortcode kc_single_image\">\n\n        <img decoding=\"async\" src=\"https:\/\/lesecuriesdepalheres.fr\/wp-content\/uploads\/2024\/08\/2025_Ecole_Equitation.jpg\" class=\"\" alt=\"\" \/>    <\/div>\n<\/div><\/div><\/div>\n<div class=\"kc-elm kc-css-87671 divider_line\">\n\t<div class=\"divider_inner divider_line1\">\n\t\t\t<\/div>\n<\/div>\n\n<div class=\"kc-elm kc-css-729074\">\n\t<a class=\"kc_button\" href=\"https:\/\/lesecuriesdepalheres.fr\/wp-content\/uploads\/2025\/08\/Courrier25_26.pdf\" target=\"_blank\" title=\"Courrier de rentr\u00e9e\" onclick=\"\">\n\t\t<i class=\"fab-wpforms\"><\/i> Le courrier de rentr\u00e9e 2025 - 2026\t<\/a>\n<\/div>\n\n<div class=\"kc-elm kc-css-681453 divider_line\">\n\t<div class=\"divider_inner divider_line1\">\n\t\t\t<\/div>\n<\/div>\n\n<div class=\"kc-elm kc-css-557193 kc-title-wrap \">\n\n\t<h1 class=\"kc_title\"><a href=\"https:\/\/lesecuriesdepalheres.fr\/wp-content\/uploads\/2025\/08\/Planning25_26.pdf\" class=\"kc_title_link\" title=\"Planning 2025 - 2026\" target=\"_blank\">Planning des cours 2025 - 2026<\/a><\/h1>\n<\/div>\n<div class=\"kc-elm kc-css-701918\" style=\"height: 40px; clear: both; width:100%;\"><\/div><div class=\"kc-elm kc-css-924543 kc_row kc_row_inner\"><div class=\"kc-elm kc-css-655315 kc_col-sm-12 kc_column_inner kc_col-sm-12\"><div class=\"kc_wrapper kc-col-inner-container\"><div class=\"kc-elm kc-css-18928 kc-raw-code\">\n<table id=\"tablepress-1\" class=\"tablepress tablepress-id-1\">\n<thead>\n<tr class=\"row-1\">\n\t<th class=\"column-1\">Cours<\/th><th class=\"column-2\">Horaires<\/th>\n<\/tr>\n<\/thead>\n<tbody class=\"row-striping row-hover\">\n<tr class=\"row-2\">\n\t<td class=\"column-1\">Cours adultes et ados<br \/>\nNiveau Galop 4 et plus<\/td><td class=\"column-2\">Samedi 10h - 12h<br \/>\n(Merci d'arriver \u00e0 9h30 au centre \u00e9questre) <\/td>\n<\/tr>\n<tr class=\"row-3\">\n\t<td class=\"column-1\">Cours enfants<br \/>\nD\u00e9butant<\/td><td class=\"column-2\">Samedi 14h - 15h <br \/>\n(Merci d'arriver \u00e0 13h30 au centre \u00e9questre) <\/td>\n<\/tr>\n<tr class=\"row-4\">\n\t<td class=\"column-1\">Cours enfants <br \/>\nNiveau Galop 1-2<\/td><td class=\"column-2\">Samedi 15h - 16h<br \/>\n(Merci d'arriver \u00e0 14h45 au centre \u00e9questre) <\/td>\n<\/tr>\n<tr class=\"row-5\">\n\t<td class=\"column-1\">Cours enfants <br \/>\nNiveau Galop 2-3<\/td><td class=\"column-2\">Samedi 16h - 17h<br \/>\n(Merci d'arriver \u00e0 15h45 au centre \u00e9questre) <\/td>\n<\/tr>\n<tr class=\"row-6\">\n\t<td class=\"column-1\">Cours adultes et ados<br \/>\nTous niveaux<\/td><td class=\"column-2\">Samedi 17h - 18h<br \/>\n(Merci d'arriver \u00e0 16h45 au centre \u00e9questre) <\/td>\n<\/tr>\n<tr class=\"row-7\">\n\t<td class=\"column-1\">Cours des petits<br \/>\n(Chevaux ou poney pour les plus petits)<\/td><td class=\"column-2\">Mercredi 11h - 12h<br \/>\n(Merci d'arriver \u00e0 10h30 au centre \u00e9questre) <\/td>\n<\/tr>\n<tr class=\"row-8\">\n\t<td class=\"column-1\">Cours enfants<br \/>\nD\u00e9butant<\/td><td class=\"column-2\">Mercredi 14h - 15h<br \/>\n(Merci d'arriver \u00e0 13h30 au centre \u00e9questre) <\/td>\n<\/tr>\n<tr class=\"row-9\">\n\t<td class=\"column-1\">Cours enfants Groupe 1<br \/>\nNiveau Galop 1-2<\/td><td class=\"column-2\">Mercredi 15h - 16h<br \/>\n(Merci d'arriver \u00e0 14h45 au centre \u00e9questre) <\/td>\n<\/tr>\n<tr class=\"row-10\">\n\t<td class=\"column-1\">Cours enfants Groupe 2 (nouveau cr\u00e9neau)<br \/>\nNiveau Galop 1-2<\/td><td class=\"column-2\">Mercredi 16h - 17h<br \/>\n(Merci d'arriver \u00e0 15h45 au centre \u00e9questre) <\/td>\n<\/tr>\n<tr class=\"row-11\">\n\t<td class=\"column-1\">Cours adultes et ados (nouveau cr\u00e9neau)<br \/>\nNiveau Galop 3 et plus<\/td><td class=\"column-2\">Mercredi 17h - 18h<br \/>\n(Merci d'arriver \u00e0 16h45 au centre \u00e9questre) <\/td>\n<\/tr>\n<\/tbody>\n<\/table>\n<!-- #tablepress-1 from cache --><\/div><div class=\"kc-elm kc-css-394201 kc_text_block\"><\/p>\n<p style=\"padding-left: 40px;\"><strong>Pour l&rsquo;organisation au niveau des chevaux, il est\u00a0 imp\u00e9ratif de s&rsquo;inscrire en cours la veille pour le lendemain par SMS \u00e0 Eric ou Audrey.<\/strong><\/p>\n<p>Les cours suivront le calendrier scolaire, donc pas de cours pendant les vacances, sauf si des stages sont organis\u00e9s (les stages ne sont pas compris dans les forfaits cartes cours).<\/p>\n<p>En cas d&rsquo;intemp\u00e9ries hivernales et pour des raisons de s\u00e9curit\u00e9, les cours sont susceptibles d&rsquo;\u00eatre annul\u00e9s. Vous en serez avertis au plus t\u00f4t. Merci par avance pour votre compr\u00e9hension.<\/p>\n<p>\n<\/div><\/div><\/div><\/div>\n<div class=\"kc-elm kc-css-565635 divider_line\">\n\t<div class=\"divider_inner divider_line1\">\n\t\t\t<\/div>\n<\/div>\n\n<div class=\"kc-elm kc-css-129593\">\n\t<a class=\"kc_button\" href=\"https:\/\/lesecuriesdepalheres.fr\/wp-content\/uploads\/2025\/08\/Dossier25_26.pdf\" target=\"_blank\" title=\"Dossier d:apos:inscription 2025 - 2026\" onclick=\"\">\n\t\t<i class=\"fab-wpforms\"><\/i> T\u00e9l\u00e9charger le dossier d:apos:inscription\t<\/a>\n<\/div>\n\n<div class=\"kc-elm kc-css-935913 divider_line\">\n\t<div class=\"divider_inner divider_line1\">\n\t\t\t<\/div>\n<\/div>\n<div class=\"kc-elm kc-css-413021 kc_row kc_row_inner\"><div class=\"kc-elm kc-css-64302 kc_col-sm-6 kc_column_inner kc_col-sm-6\"><div class=\"kc_wrapper kc-col-inner-container\"><div class=\"kc-elm kc-css-52198 kc-feature-boxes kc-fb-layout-3\">\n\n\t<div class=\"content-icon\"><i class=\"et-map\"><\/i><\/div><div class=\"box-right\"><div class=\"content-title\">Nos bureaux<\/div><div class=\"content-desc\">Les \u00e9curies de Palh\u00e8res<br>\r\n\r\nPalh\u00e8res<br>\r\n\r\n48300 Rocles<br>\r\n\r\nFrance<br>\r\n\r\n+33 687305659<br><\/div><\/div>\n<\/div>\n<\/div><\/div><div class=\"kc-elm kc-css-305830 kc_col-sm-6 kc_column_inner kc_col-sm-6\"><div class=\"kc_wrapper kc-col-inner-container\"><div class=\"kc-elm kc-css-749986 kc-feature-boxes kc-fb-layout-3\">\n\n\t<div class=\"content-icon\"><i class=\"et-map\"><\/i><\/div><div class=\"box-right\"><div class=\"content-title\">Horaires<\/div><div class=\"content-desc\">Du lundi au vendredi -> 9:00 - 19:00<br>\r\nSamedi -> 9:00 - 17:00<br>\r\nDimanche -> Repos<\/div><\/div>\n<\/div>\n<\/div><\/div><\/div>\n<div class=\"kc-elm kc-css-672473 divider_line\">\n\t<div class=\"divider_inner divider_line1\">\n\t\t\t<\/div>\n<\/div>\n<div class=\"kc-elm kc-css-240998 kc_google_maps kc_shortcode\"><div style=\"height: 350px\" class=\"kc-google-maps\"><iframe loading=\"lazy\" src=\"https:\/\/www.google.com\/maps\/embed?pb=!1m18!1m12!1m3!1d2834.1937289486855!2d3.778798615894974!3d44.73606427909909!2m3!1f0!2f0!3f0!3m2!1i1024!2i768!4f13.1!3m3!1m2!1s0x12b4a72ac1a97ed7%3A0x1c5a0e2f9cc4cc31!2sLes+Ecuries+de+Palh%C3%A8res!5e0!3m2!1sfr!2sfr!4v1545386528494\" width=\"100%\" height=\"350\" frameborder=\"0\" style=\"border:0\" allowfullscreen><\/iframe><\/div><\/div><\/div><\/div><\/div><\/div><\/section><\/p>\n","protected":false},"excerpt":{"rendered":"","protected":false},"author":2,"featured_media":0,"parent":0,"menu_order":0,"comment_status":"closed","ping_status":"closed","template":"template-parts\/template-homepage.php","meta":{"footnotes":""},"class_list":["post-263","page","type-page","status-publish","hentry"],"yoast_head":"<!-- This site is optimized with the Yoast SEO plugin v27.4 - https:\/\/yoast.com\/product\/yoast-seo-wordpress\/ -->\n<title>\u00c9cole d&#039;\u00e9quitation Langogne, Loz\u00e8re<\/title>\n<meta name=\"description\" content=\"Les \u00e9curies de Palh\u00e8res - Rando ou promendade \u00e0 cheval Loz\u00e8re, \u00e9cole d&#039;\u00e9quitation Langogne, Lac de Naussac\" \/>\n<meta name=\"robots\" content=\"index, follow, max-snippet:-1, max-image-preview:large, max-video-preview:-1\" \/>\n<link rel=\"canonical\" href=\"https:\/\/lesecuriesdepalheres.fr\/index.php\/ecole-dequitation\/\" \/>\n<meta property=\"og:locale\" content=\"fr_FR\" \/>\n<meta property=\"og:type\" content=\"article\" \/>\n<meta property=\"og:title\" content=\"\u00c9cole d&#039;\u00e9quitation Langogne, Loz\u00e8re\" \/>\n<meta property=\"og:description\" content=\"Les \u00e9curies de Palh\u00e8res - Rando ou promendade \u00e0 cheval Loz\u00e8re, \u00e9cole d&#039;\u00e9quitation Langogne, Lac de Naussac\" \/>\n<meta property=\"og:url\" content=\"https:\/\/lesecuriesdepalheres.fr\/index.php\/ecole-dequitation\/\" \/>\n<meta property=\"og:site_name\" content=\"Les \u00e9curies de Palh\u00e8res\" \/>\n<meta property=\"article:publisher\" content=\"https:\/\/www.facebook.com\/lesecuriesdepalheres\" \/>\n<meta property=\"article:modified_time\" content=\"2025-08-26T10:09:21+00:00\" \/>\n<meta property=\"og:image\" content=\"https:\/\/lesecuriesdepalheres.fr\/wp-content\/uploads\/2024\/08\/2025_Ecole_Equitation.jpg\" \/>\n<meta name=\"twitter:card\" content=\"summary_large_image\" \/>\n<meta name=\"twitter:label1\" content=\"Dur\u00e9e de lecture estim\u00e9e\" \/>\n\t<meta name=\"twitter:data1\" content=\"3 minutes\" \/>\n<script type=\"application\/ld+json\" class=\"yoast-schema-graph\">{\"@context\":\"https:\\\/\\\/schema.org\",\"@graph\":[{\"@type\":\"WebPage\",\"@id\":\"https:\\\/\\\/lesecuriesdepalheres.fr\\\/index.php\\\/ecole-dequitation\\\/\",\"url\":\"https:\\\/\\\/lesecuriesdepalheres.fr\\\/index.php\\\/ecole-dequitation\\\/\",\"name\":\"\u00c9cole d'\u00e9quitation Langogne, Loz\u00e8re\",\"isPartOf\":{\"@id\":\"https:\\\/\\\/lesecuriesdepalheres.fr\\\/#website\"},\"primaryImageOfPage\":{\"@id\":\"https:\\\/\\\/lesecuriesdepalheres.fr\\\/index.php\\\/ecole-dequitation\\\/#primaryimage\"},\"image\":{\"@id\":\"https:\\\/\\\/lesecuriesdepalheres.fr\\\/index.php\\\/ecole-dequitation\\\/#primaryimage\"},\"thumbnailUrl\":\"https:\\\/\\\/lesecuriesdepalheres.fr\\\/wp-content\\\/uploads\\\/2024\\\/08\\\/2025_Ecole_Equitation.jpg\",\"datePublished\":\"2019-02-13T21:36:29+00:00\",\"dateModified\":\"2025-08-26T10:09:21+00:00\",\"description\":\"Les \u00e9curies de Palh\u00e8res - Rando ou promendade \u00e0 cheval Loz\u00e8re, \u00e9cole d'\u00e9quitation Langogne, Lac de Naussac\",\"breadcrumb\":{\"@id\":\"https:\\\/\\\/lesecuriesdepalheres.fr\\\/index.php\\\/ecole-dequitation\\\/#breadcrumb\"},\"inLanguage\":\"fr-FR\",\"potentialAction\":[{\"@type\":\"ReadAction\",\"target\":[\"https:\\\/\\\/lesecuriesdepalheres.fr\\\/index.php\\\/ecole-dequitation\\\/\"]}]},{\"@type\":\"ImageObject\",\"inLanguage\":\"fr-FR\",\"@id\":\"https:\\\/\\\/lesecuriesdepalheres.fr\\\/index.php\\\/ecole-dequitation\\\/#primaryimage\",\"url\":\"https:\\\/\\\/lesecuriesdepalheres.fr\\\/wp-content\\\/uploads\\\/2024\\\/08\\\/2025_Ecole_Equitation.jpg\",\"contentUrl\":\"https:\\\/\\\/lesecuriesdepalheres.fr\\\/wp-content\\\/uploads\\\/2024\\\/08\\\/2025_Ecole_Equitation.jpg\",\"width\":2048,\"height\":1152},{\"@type\":\"BreadcrumbList\",\"@id\":\"https:\\\/\\\/lesecuriesdepalheres.fr\\\/index.php\\\/ecole-dequitation\\\/#breadcrumb\",\"itemListElement\":[{\"@type\":\"ListItem\",\"position\":1,\"name\":\"Accueil\",\"item\":\"https:\\\/\\\/lesecuriesdepalheres.fr\\\/\"},{\"@type\":\"ListItem\",\"position\":2,\"name\":\"\u00c9cole d&rsquo;\u00e9quitation\"}]},{\"@type\":\"WebSite\",\"@id\":\"https:\\\/\\\/lesecuriesdepalheres.fr\\\/#website\",\"url\":\"https:\\\/\\\/lesecuriesdepalheres.fr\\\/\",\"name\":\"Les \u00e9curies de Palh\u00e8res\",\"description\":\"\",\"publisher\":{\"@id\":\"https:\\\/\\\/lesecuriesdepalheres.fr\\\/#organization\"},\"potentialAction\":[{\"@type\":\"SearchAction\",\"target\":{\"@type\":\"EntryPoint\",\"urlTemplate\":\"https:\\\/\\\/lesecuriesdepalheres.fr\\\/?s={search_term_string}\"},\"query-input\":{\"@type\":\"PropertyValueSpecification\",\"valueRequired\":true,\"valueName\":\"search_term_string\"}}],\"inLanguage\":\"fr-FR\"},{\"@type\":\"Organization\",\"@id\":\"https:\\\/\\\/lesecuriesdepalheres.fr\\\/#organization\",\"name\":\"Les \u00e9curies de Palh\u00e8res\",\"url\":\"https:\\\/\\\/lesecuriesdepalheres.fr\\\/\",\"logo\":{\"@type\":\"ImageObject\",\"inLanguage\":\"fr-FR\",\"@id\":\"https:\\\/\\\/lesecuriesdepalheres.fr\\\/#\\\/schema\\\/logo\\\/image\\\/\",\"url\":\"https:\\\/\\\/lesecuriesdepalheres.fr\\\/wp-content\\\/uploads\\\/2019\\\/02\\\/Logo.png\",\"contentUrl\":\"https:\\\/\\\/lesecuriesdepalheres.fr\\\/wp-content\\\/uploads\\\/2019\\\/02\\\/Logo.png\",\"width\":622,\"height\":836,\"caption\":\"Les \u00e9curies de Palh\u00e8res\"},\"image\":{\"@id\":\"https:\\\/\\\/lesecuriesdepalheres.fr\\\/#\\\/schema\\\/logo\\\/image\\\/\"},\"sameAs\":[\"https:\\\/\\\/www.facebook.com\\\/lesecuriesdepalheres\"]}]}<\/script>\n<!-- \/ Yoast SEO plugin. -->","yoast_head_json":{"title":"\u00c9cole d'\u00e9quitation Langogne, Loz\u00e8re","description":"Les \u00e9curies de Palh\u00e8res - Rando ou promendade \u00e0 cheval Loz\u00e8re, \u00e9cole d'\u00e9quitation Langogne, Lac de Naussac","robots":{"index":"index","follow":"follow","max-snippet":"max-snippet:-1","max-image-preview":"max-image-preview:large","max-video-preview":"max-video-preview:-1"},"canonical":"https:\/\/lesecuriesdepalheres.fr\/index.php\/ecole-dequitation\/","og_locale":"fr_FR","og_type":"article","og_title":"\u00c9cole d'\u00e9quitation Langogne, Loz\u00e8re","og_description":"Les \u00e9curies de Palh\u00e8res - Rando ou promendade \u00e0 cheval Loz\u00e8re, \u00e9cole d'\u00e9quitation Langogne, Lac de Naussac","og_url":"https:\/\/lesecuriesdepalheres.fr\/index.php\/ecole-dequitation\/","og_site_name":"Les \u00e9curies de Palh\u00e8res","article_publisher":"https:\/\/www.facebook.com\/lesecuriesdepalheres","article_modified_time":"2025-08-26T10:09:21+00:00","og_image":[{"url":"https:\/\/lesecuriesdepalheres.fr\/wp-content\/uploads\/2024\/08\/2025_Ecole_Equitation.jpg","type":"","width":"","height":""}],"twitter_card":"summary_large_image","twitter_misc":{"Dur\u00e9e de lecture estim\u00e9e":"3 minutes"},"schema":{"@context":"https:\/\/schema.org","@graph":[{"@type":"WebPage","@id":"https:\/\/lesecuriesdepalheres.fr\/index.php\/ecole-dequitation\/","url":"https:\/\/lesecuriesdepalheres.fr\/index.php\/ecole-dequitation\/","name":"\u00c9cole d'\u00e9quitation Langogne, Loz\u00e8re","isPartOf":{"@id":"https:\/\/lesecuriesdepalheres.fr\/#website"},"primaryImageOfPage":{"@id":"https:\/\/lesecuriesdepalheres.fr\/index.php\/ecole-dequitation\/#primaryimage"},"image":{"@id":"https:\/\/lesecuriesdepalheres.fr\/index.php\/ecole-dequitation\/#primaryimage"},"thumbnailUrl":"https:\/\/lesecuriesdepalheres.fr\/wp-content\/uploads\/2024\/08\/2025_Ecole_Equitation.jpg","datePublished":"2019-02-13T21:36:29+00:00","dateModified":"2025-08-26T10:09:21+00:00","description":"Les \u00e9curies de Palh\u00e8res - Rando ou promendade \u00e0 cheval Loz\u00e8re, \u00e9cole d'\u00e9quitation Langogne, Lac de Naussac","breadcrumb":{"@id":"https:\/\/lesecuriesdepalheres.fr\/index.php\/ecole-dequitation\/#breadcrumb"},"inLanguage":"fr-FR","potentialAction":[{"@type":"ReadAction","target":["https:\/\/lesecuriesdepalheres.fr\/index.php\/ecole-dequitation\/"]}]},{"@type":"ImageObject","inLanguage":"fr-FR","@id":"https:\/\/lesecuriesdepalheres.fr\/index.php\/ecole-dequitation\/#primaryimage","url":"https:\/\/lesecuriesdepalheres.fr\/wp-content\/uploads\/2024\/08\/2025_Ecole_Equitation.jpg","contentUrl":"https:\/\/lesecuriesdepalheres.fr\/wp-content\/uploads\/2024\/08\/2025_Ecole_Equitation.jpg","width":2048,"height":1152},{"@type":"BreadcrumbList","@id":"https:\/\/lesecuriesdepalheres.fr\/index.php\/ecole-dequitation\/#breadcrumb","itemListElement":[{"@type":"ListItem","position":1,"name":"Accueil","item":"https:\/\/lesecuriesdepalheres.fr\/"},{"@type":"ListItem","position":2,"name":"\u00c9cole d&rsquo;\u00e9quitation"}]},{"@type":"WebSite","@id":"https:\/\/lesecuriesdepalheres.fr\/#website","url":"https:\/\/lesecuriesdepalheres.fr\/","name":"Les \u00e9curies de Palh\u00e8res","description":"","publisher":{"@id":"https:\/\/lesecuriesdepalheres.fr\/#organization"},"potentialAction":[{"@type":"SearchAction","target":{"@type":"EntryPoint","urlTemplate":"https:\/\/lesecuriesdepalheres.fr\/?s={search_term_string}"},"query-input":{"@type":"PropertyValueSpecification","valueRequired":true,"valueName":"search_term_string"}}],"inLanguage":"fr-FR"},{"@type":"Organization","@id":"https:\/\/lesecuriesdepalheres.fr\/#organization","name":"Les \u00e9curies de Palh\u00e8res","url":"https:\/\/lesecuriesdepalheres.fr\/","logo":{"@type":"ImageObject","inLanguage":"fr-FR","@id":"https:\/\/lesecuriesdepalheres.fr\/#\/schema\/logo\/image\/","url":"https:\/\/lesecuriesdepalheres.fr\/wp-content\/uploads\/2019\/02\/Logo.png","contentUrl":"https:\/\/lesecuriesdepalheres.fr\/wp-content\/uploads\/2019\/02\/Logo.png","width":622,"height":836,"caption":"Les \u00e9curies de Palh\u00e8res"},"image":{"@id":"https:\/\/lesecuriesdepalheres.fr\/#\/schema\/logo\/image\/"},"sameAs":["https:\/\/www.facebook.com\/lesecuriesdepalheres"]}]}},"_links":{"self":[{"href":"https:\/\/lesecuriesdepalheres.fr\/index.php\/wp-json\/wp\/v2\/pages\/263","targetHints":{"allow":["GET"]}}],"collection":[{"href":"https:\/\/lesecuriesdepalheres.fr\/index.php\/wp-json\/wp\/v2\/pages"}],"about":[{"href":"https:\/\/lesecuriesdepalheres.fr\/index.php\/wp-json\/wp\/v2\/types\/page"}],"author":[{"embeddable":true,"href":"https:\/\/lesecuriesdepalheres.fr\/index.php\/wp-json\/wp\/v2\/users\/2"}],"replies":[{"embeddable":true,"href":"https:\/\/lesecuriesdepalheres.fr\/index.php\/wp-json\/wp\/v2\/comments?post=263"}],"version-history":[{"count":395,"href":"https:\/\/lesecuriesdepalheres.fr\/index.php\/wp-json\/wp\/v2\/pages\/263\/revisions"}],"predecessor-version":[{"id":2479,"href":"https:\/\/lesecuriesdepalheres.fr\/index.php\/wp-json\/wp\/v2\/pages\/263\/revisions\/2479"}],"wp:attachment":[{"href":"https:\/\/lesecuriesdepalheres.fr\/index.php\/wp-json\/wp\/v2\/media?parent=263"}],"curies":[{"name":"wp","href":"https:\/\/api.w.org\/{rel}","templated":true}]}}