{"id":1818,"date":"2019-03-21T22:57:21","date_gmt":"2019-03-21T21:57:21","guid":{"rendered":"http:\/\/lesecuriesdepalheres.fr\/?page_id=1818"},"modified":"2019-03-26T19:29:42","modified_gmt":"2019-03-26T18:29:42","slug":"mentions-legales","status":"publish","type":"page","link":"https:\/\/lesecuriesdepalheres.fr\/index.php\/mentions-legales\/","title":{"rendered":"Mentions l\u00e9gales"},"content":{"rendered":"<p><section data-kc-parallax=\"true\" class=\"kc-elm kc-css-12546 kc-animated kc-animate-eff-fadeIn kc-animate-speed-3.5s kc_row\"><div class=\"kc-row-container  kc-container\"><div class=\"kc-wrap-columns\"><div class=\"kc-elm kc-css-697828 kc_col-sm-12 kc_column kc_col-sm-12\"><div class=\"kc-col-container\"><div class=\"kc-elm kc-css-917805 kc_tabs group kc-tabs-slider\"><div class=\"owl-carousel\" data-owl-options='{\"items\":1,\"speed\":450,\"navigation\":\"\",\"pagination\":\"\",\"autoheight\":\"\",\"autoplay\":\"yes\",\"tablet\":1,\"mobile\":1}'><div id=\"new-tab\" class=\"kc-elm kc-css-186974 kc_tab ui-tabs-panel kc_ui-tabs-hide kc_clearfix \"><div class=\"kc_tab_content\">\n<div class=\"kc-elm kc-css-289575 kc-animated kc-animate-eff-fadeIn kc-animate-speed-3s kc-title-wrap \">\n\n\t<h2 class=\"kc_title\">Les \u00e9curies de Palh\u00e8res<\/h2>\n<\/div>\n<div class=\"kc-elm kc-css-729652 kc_text_block\"><\/p>\n<p>\n<\/div><\/div><\/div><\/div><\/div><\/div><\/div><\/div><\/div><\/section><section data-kc-fullwidth=\"row\" class=\"kc-elm kc-css-793429 kc_row\"><div class=\"kc-row-container  kc-container\"><div class=\"kc-wrap-columns\"><div class=\"kc-elm kc-css-995839 kc_col-sm-12 kc_column kc_col-sm-12\"><div class=\"kc-col-container\">\n<div class=\"kc-elm kc-css-206807 divider_line\">\n\t<div class=\"divider_inner divider_line1\">\n\t\t\t<\/div>\n<\/div>\n\n<div class=\"kc-elm kc-css-857506 kc-title-wrap \">\n\n\t<h1 class=\"kc_title\">Mentions l\u00e9gales du site<\/h1>\n<\/div>\n<div class=\"kc-elm kc-css-463649\" style=\"height: 20px; clear: both; width:100%;\"><\/div><div class=\"kc-elm kc-css-277152 kc_text_block\"><\/p>\n<p>Les \u00c9curies de Palh\u00e8res (http:\/\/lesecuriesdepalheres.fr)<br \/>Conform\u00e9ment aux dispositions des Articles 6-III et 19 de la Loi n\u00b02004-575 du 21 juin 2004 pour la Confiance dans l\u2019\u00e9conomie num\u00e9rique, dite L.C.E.N., il est port\u00e9 \u00e0 la connaissance des utilisateurs et visiteurs du site Les \u00c9curies de Palh\u00e8res les pr\u00e9sentes mentions l\u00e9gales.<br \/>Le site Les \u00c9curies de Palh\u00e8res est accessible \u00e0 l\u2019adresse suivante : http:\/\/lesecuriesdepalheres.fr (ci-apr\u00e8s \u00ab le Site \u00bb). L\u2019acc\u00e8s et l\u2019utilisation du Site sont soumis aux pr\u00e9sentes&nbsp; \u00bb Mentions l\u00e9gales \u00bb d\u00e9taill\u00e9es ci-apr\u00e8s ainsi qu\u2019aux lois et\/ou r\u00e8glements applicables.<br \/>La connexion, l\u2019utilisation et l\u2019acc\u00e8s \u00e0 ce Site impliquent l\u2019acceptation int\u00e9grale et sans r\u00e9serve de l\u2019internaute de toutes les dispositions des pr\u00e9sentes Mentions L\u00e9gales.<\/p>\n<p>\n<\/div>\n<div class=\"kc-elm kc-css-909388 kc-title-wrap \">\n\n\t<h1 class=\"kc_title\">Art 1 \u2013 Informations l\u00e9gales<\/h1>\n<\/div>\n<div class=\"kc-elm kc-css-405393 kc_text_block\"><\/p>\n<p>En vertu de l\u2019Article 6 de la Loi n\u00b0 2004-575 du 21 juin 2004 pour la confiance dans l\u2019\u00e9conomie num\u00e9rique, il est pr\u00e9cis\u00e9 dans cet article l\u2019identit\u00e9 des diff\u00e9rents intervenants dans le cadre de sa r\u00e9alisation et de son suivi.<\/p>\n<p><strong>Le site Les \u00c9curies de Palh\u00e8res est \u00e9dit\u00e9 par :<\/strong><\/p>\n<p>Les \u00c9curies de Palh\u00e8res<br \/>ayant son si\u00e8ge social \u00e0 l\u2019adresse suivante :<br \/><span class=\"ng-scope\" data-translate=\"legal-company-registration\">Hameau de Palh\u00e8res, <\/span><span class=\"ng-scope\" data-translate=\"legal-company-ape\">48300 Rocles<\/span><br \/>immatricul\u00e9e au num\u00e9ro suivant : SIREN : 837 610 575 00016<br \/>N\u00b0 TVA intracommunautaire : FR 808 376 105 75<br \/>T\u00e9l\u00e9phone :&nbsp; 06.87.30.56.59<br \/>Adresse e-mail : contact(a.t)lesecuriesdepalheres.fr<\/p>\n<p><strong>Le Directeur de publication est :<\/strong><br \/>Eric SILLERE<br \/>Adresse e-mail de contact : eric.sillere(a.t)lesecuriesdepalheres.fr<\/p>\n<p><strong>Le site Les \u00c9curies de Palh\u00e8res est h\u00e9berg\u00e9 par :<\/strong><br \/>OVH SAS (www.ovh.com\/fr)<br \/>dont le si\u00e8ge est situ\u00e9 \u00e0 l\u2019adresse suivante : 2 rue Kellermann, 59100 Roubaix &#8211; France<br \/>T\u00e9l\u00e9phone : 1007<\/p>\n<p>Sont consid\u00e9r\u00e9s comme utilisateurs tout les internautes qui naviguent, lisent, visionnent et utilisent le site Les \u00c9curies de Palh\u00e8res.<\/p>\n<p>\n<\/div>\n<div class=\"kc-elm kc-css-274048 kc-title-wrap \">\n\n\t<h1 class=\"kc_title\">Art 2 \u2013 Conditions g\u00e9n\u00e9rales d'utilisation<\/h1>\n<\/div>\n<div class=\"kc-elm kc-css-809087 kc_text_block\"><\/p>\n<p>Le contenu et la structure du pr\u00e9sent site sont prot\u00e9g\u00e9s par le droit d\u2019auteur et les droits de propri\u00e9t\u00e9 intellectuelle.<\/p>\n<p>Toute reproduction ou repr\u00e9sentation, en tout ou partie, de tout document pr\u00e9sent sur ce site (notamment tout texte, image, repr\u00e9sentation iconographique ou photographique, logo) par quelque proc\u00e9d\u00e9 que ce soit, sans l\u2019autorisation pr\u00e9alable et par \u00e9crit de Les \u00c9curies de Palh\u00e8res ou de ses partenaires est strictement interdite et serait susceptible de constituer une contrefa\u00e7on au sens des articles L 335-2 et suivants du Code de la propri\u00e9t\u00e9 intellectuelle.<\/p>\n<p>\n<\/div>\n<div class=\"kc-elm kc-css-274391 kc-title-wrap \">\n\n\t<h1 class=\"kc_title\">Art 3 \u2013 Accessibilit\u00e9<\/h1>\n<\/div>\n<div class=\"kc-elm kc-css-707116 kc_text_block\"><\/p>\n<p>Le Site est par principe accessible aux utilisateurs 24\/24h et 7\/7j, sauf interruption, programm\u00e9e ou non, pour des besoins de maintenance ou en cas de force majeure.<\/p>\n<p>En cas d\u2019impossibilit\u00e9 d\u2019acc\u00e8s au Site, celui-ci s\u2019engage \u00e0 faire son maximum afin d\u2019en r\u00e9tablir l\u2019acc\u00e8s. Le Site ne saurait \u00eatre tenu pour responsable de tout dommage, quelle qu\u2019en soit la nature, r\u00e9sultant de son indisponibilit\u00e9.<\/p>\n<p>\n<\/div>\n<div class=\"kc-elm kc-css-187520 kc-title-wrap \">\n\n\t<h1 class=\"kc_title\">Art 4 \u2013 Collecte des donn\u00e9es et loi Informatique et Libert\u00e9s<\/h1>\n<\/div>\n<div class=\"kc-elm kc-css-246217 kc_text_block\"><\/p>\n<p>Ce site est conforme aux dispositions de la Loi 78-17 du 6 janvier 1978 relative \u00e0 l\u2019informatique, aux fichiers et aux libert\u00e9s. En vertu de celle-ci l\u2019Utilisateur b\u00e9n\u00e9ficie notamment d\u2019un droit d\u2019opposition (art. 32 et 38), d\u2019acc\u00e8s (art. 38 et 39) et de rectification (art. 40) des donn\u00e9es le concernant.<\/p>\n<p>Pour faire usage de celui-ci, l\u2019Utilisateur doit s\u2019adresser \u00e0 l\u2019\u00c9diteur en le contactant \u00e0 l\u2019adresse suivante : contact(a.t)lesecuriesdepalheres.fr, ou par courrier adress\u00e9 au si\u00e8ge social de l\u2019\u00c9diteur en pr\u00e9cisant ses nom, pr\u00e9nom(s), adresse et adresse(s) e-mail.<\/p>\n<p>\n<\/div>\n<div class=\"kc-elm kc-css-305428 kc-title-wrap \">\n\n\t<h1 class=\"kc_title\">Art 5 \u2013 Analyses statistiques<\/h1>\n<\/div>\n<div class=\"kc-elm kc-css-346226 kc_text_block\"><\/p>\n<p>Nous utilisons Google Analytics, permettant de mesurer l\u2019activit\u00e9 des visiteurs sur le site et d\u2019adapter celui-ci aux besoins de l\u2019utilisateur.<\/p>\n<p><a href=\"https:\/\/policies.google.com\/privacy?hl=fr&amp;gl=fr\"><strong>En savoir plus sur Google Analytics<\/strong><\/a><\/p>\n<p>\n<\/div>\n<div class=\"kc-elm kc-css-665490 kc-title-wrap \">\n\n\t<h1 class=\"kc_title\">Art 6 \u2013 Liens hypertextes<\/h1>\n<\/div>\n<div class=\"kc-elm kc-css-586179 kc_text_block\"><\/p>\n<p>Le site peut contenir des liens hypertextes vers d\u2019autres sites dont Les \u00c9curies de Palh\u00e8res n\u2019est pas l\u2019\u00e9diteur. Vous \u00eates inform\u00e9 et vous acceptez que Les \u00c9curies de Palh\u00e8res ne soit pas responsable de l\u2019indisponibilit\u00e9 de tels sites et que Les \u00c9curies de Palh\u00e8res n\u2019examine, ne contr\u00f4le, n\u2019approuve ni n\u2019est responsable des contenus, publicit\u00e9s, produits ou autres \u00e9l\u00e9ments disponibles sur ou via ces sites. En cons\u00e9quence, l\u2019utilisation d\u2019un lien pointant vers un autre site est faite sous votre seule responsabilit\u00e9.<\/p>\n<p>\n<\/div>\n<div class=\"kc-elm kc-css-962673 kc-title-wrap \">\n\n\t<h1 class=\"kc_title\">Art 7 \u2013 Contact<\/h1>\n<\/div>\n<div class=\"kc-elm kc-css-880398 kc_text_block\"><\/p>\n<p>Pour tout signalement de contenus ou d\u2019activit\u00e9s illicites, l\u2019Utilisateur peut contacter l\u2019\u00c9diteur \u00e0 l\u2019adresse suivante : contact(a.t)lesecuriesdepalheres.fr, ou par courrier recommand\u00e9 avec accus\u00e9 de r\u00e9ception adress\u00e9 \u00e0 l\u2019\u00c9diteur aux coordonn\u00e9es pr\u00e9cis\u00e9es dans les pr\u00e9sentes mentions l\u00e9gales.<\/p>\n<p>\n<\/div>\n<div class=\"kc-elm kc-css-941562 divider_line\">\n\t<div class=\"divider_inner divider_line1\">\n\t\t\t<\/div>\n<\/div>\n<div class=\"kc-elm kc-css-509734 kc_row kc_row_inner\"><div class=\"kc-elm kc-css-985015 kc_col-sm-6 kc_column_inner kc_col-sm-6\"><div class=\"kc_wrapper kc-col-inner-container\"><div class=\"kc-elm kc-css-548632 kc-feature-boxes kc-fb-layout-3\">\n\n\t<div class=\"content-icon\"><i class=\"et-map\"><\/i><\/div><div class=\"box-right\"><div class=\"content-title\">Nos bureaux<\/div><div class=\"content-desc\">Les \u00e9curies de Palh\u00e8res<br>\r\n\r\nPalh\u00e8res<br>\r\n\r\n48300 Rocles<br>\r\n\r\nFrance<br>\r\n\r\n+33 687305659<br><\/div><\/div>\n<\/div>\n<\/div><\/div><div class=\"kc-elm kc-css-447780 kc_col-sm-6 kc_column_inner kc_col-sm-6\"><div class=\"kc_wrapper kc-col-inner-container\"><div class=\"kc-elm kc-css-615374 kc-feature-boxes kc-fb-layout-3\">\n\n\t<div class=\"content-icon\"><i class=\"et-map\"><\/i><\/div><div class=\"box-right\"><div class=\"content-title\">Horaires<\/div><div class=\"content-desc\">Du lundi au vendredi -> 9:00 - 19:00<br>\r\nSamedi -> 9:00 - 17:00<br>\r\nDimanche -> Repos<\/div><\/div>\n<\/div>\n<\/div><\/div><\/div>\n<div class=\"kc-elm kc-css-423773 divider_line\">\n\t<div class=\"divider_inner divider_line1\">\n\t\t\t<\/div>\n<\/div>\n<div class=\"kc-elm kc-css-268201 kc_google_maps kc_shortcode\"><div style=\"height: 350px\" class=\"kc-google-maps\"><iframe loading=\"lazy\" src=\"https:\/\/www.google.com\/maps\/embed?pb=!1m18!1m12!1m3!1d2834.1937289486855!2d3.778798615894974!3d44.73606427909909!2m3!1f0!2f0!3f0!3m2!1i1024!2i768!4f13.1!3m3!1m2!1s0x12b4a72ac1a97ed7%3A0x1c5a0e2f9cc4cc31!2sLes+Ecuries+de+Palh%C3%A8res!5e0!3m2!1sfr!2sfr!4v1545386528494\" width=\"100%\" height=\"350\" frameborder=\"0\" style=\"border:0\" allowfullscreen><\/iframe><\/div><\/div><\/div><\/div><\/div><\/div><\/section><\/p>\n","protected":false},"excerpt":{"rendered":"","protected":false},"author":2,"featured_media":0,"parent":0,"menu_order":0,"comment_status":"closed","ping_status":"closed","template":"template-parts\/template-homepage.php","meta":{"footnotes":""},"class_list":["post-1818","page","type-page","status-publish","hentry"],"yoast_head":"<!-- This site is optimized with the Yoast SEO plugin v27.6 - https:\/\/yoast.com\/product\/yoast-seo-wordpress\/ -->\n<title>Mentions l\u00e9gales - Les \u00e9curies de Palh\u00e8res<\/title>\n<meta name=\"description\" content=\"Les \u00e9curies de Palh\u00e8res - Rando ou promendade \u00e0 cheval Loz\u00e8re, \u00e9cole d&#039;\u00e9quitation Langogne, Lac de Naussac\" \/>\n<meta name=\"robots\" content=\"index, follow, max-snippet:-1, max-image-preview:large, max-video-preview:-1\" \/>\n<link rel=\"canonical\" href=\"https:\/\/lesecuriesdepalheres.fr\/index.php\/mentions-legales\/\" \/>\n<meta property=\"og:locale\" content=\"fr_FR\" \/>\n<meta property=\"og:type\" content=\"article\" \/>\n<meta property=\"og:title\" content=\"Mentions l\u00e9gales - Les \u00e9curies de Palh\u00e8res\" \/>\n<meta property=\"og:description\" content=\"Les \u00e9curies de Palh\u00e8res - Rando ou promendade \u00e0 cheval Loz\u00e8re, \u00e9cole d&#039;\u00e9quitation Langogne, Lac de Naussac\" \/>\n<meta property=\"og:url\" content=\"https:\/\/lesecuriesdepalheres.fr\/index.php\/mentions-legales\/\" \/>\n<meta property=\"og:site_name\" content=\"Les \u00e9curies de Palh\u00e8res\" \/>\n<meta property=\"article:publisher\" content=\"https:\/\/www.facebook.com\/lesecuriesdepalheres\" \/>\n<meta property=\"article:modified_time\" content=\"2019-03-26T18:29:42+00:00\" \/>\n<meta name=\"twitter:card\" content=\"summary_large_image\" \/>\n<meta name=\"twitter:label1\" content=\"Dur\u00e9e de lecture estim\u00e9e\" \/>\n\t<meta name=\"twitter:data1\" content=\"4 minutes\" \/>\n<script type=\"application\/ld+json\" class=\"yoast-schema-graph\">{\"@context\":\"https:\\\/\\\/schema.org\",\"@graph\":[{\"@type\":\"WebPage\",\"@id\":\"https:\\\/\\\/lesecuriesdepalheres.fr\\\/index.php\\\/mentions-legales\\\/\",\"url\":\"https:\\\/\\\/lesecuriesdepalheres.fr\\\/index.php\\\/mentions-legales\\\/\",\"name\":\"Mentions l\u00e9gales - Les \u00e9curies de Palh\u00e8res\",\"isPartOf\":{\"@id\":\"https:\\\/\\\/lesecuriesdepalheres.fr\\\/#website\"},\"datePublished\":\"2019-03-21T21:57:21+00:00\",\"dateModified\":\"2019-03-26T18:29:42+00:00\",\"description\":\"Les \u00e9curies de Palh\u00e8res - Rando ou promendade \u00e0 cheval Loz\u00e8re, \u00e9cole d'\u00e9quitation Langogne, Lac de Naussac\",\"breadcrumb\":{\"@id\":\"https:\\\/\\\/lesecuriesdepalheres.fr\\\/index.php\\\/mentions-legales\\\/#breadcrumb\"},\"inLanguage\":\"fr-FR\",\"potentialAction\":[{\"@type\":\"ReadAction\",\"target\":[\"https:\\\/\\\/lesecuriesdepalheres.fr\\\/index.php\\\/mentions-legales\\\/\"]}]},{\"@type\":\"BreadcrumbList\",\"@id\":\"https:\\\/\\\/lesecuriesdepalheres.fr\\\/index.php\\\/mentions-legales\\\/#breadcrumb\",\"itemListElement\":[{\"@type\":\"ListItem\",\"position\":1,\"name\":\"Accueil\",\"item\":\"https:\\\/\\\/lesecuriesdepalheres.fr\\\/\"},{\"@type\":\"ListItem\",\"position\":2,\"name\":\"Mentions l\u00e9gales\"}]},{\"@type\":\"WebSite\",\"@id\":\"https:\\\/\\\/lesecuriesdepalheres.fr\\\/#website\",\"url\":\"https:\\\/\\\/lesecuriesdepalheres.fr\\\/\",\"name\":\"Les \u00e9curies de Palh\u00e8res\",\"description\":\"\",\"publisher\":{\"@id\":\"https:\\\/\\\/lesecuriesdepalheres.fr\\\/#organization\"},\"potentialAction\":[{\"@type\":\"SearchAction\",\"target\":{\"@type\":\"EntryPoint\",\"urlTemplate\":\"https:\\\/\\\/lesecuriesdepalheres.fr\\\/?s={search_term_string}\"},\"query-input\":{\"@type\":\"PropertyValueSpecification\",\"valueRequired\":true,\"valueName\":\"search_term_string\"}}],\"inLanguage\":\"fr-FR\"},{\"@type\":\"Organization\",\"@id\":\"https:\\\/\\\/lesecuriesdepalheres.fr\\\/#organization\",\"name\":\"Les \u00e9curies de Palh\u00e8res\",\"url\":\"https:\\\/\\\/lesecuriesdepalheres.fr\\\/\",\"logo\":{\"@type\":\"ImageObject\",\"inLanguage\":\"fr-FR\",\"@id\":\"https:\\\/\\\/lesecuriesdepalheres.fr\\\/#\\\/schema\\\/logo\\\/image\\\/\",\"url\":\"https:\\\/\\\/lesecuriesdepalheres.fr\\\/wp-content\\\/uploads\\\/2019\\\/02\\\/Logo.png\",\"contentUrl\":\"https:\\\/\\\/lesecuriesdepalheres.fr\\\/wp-content\\\/uploads\\\/2019\\\/02\\\/Logo.png\",\"width\":622,\"height\":836,\"caption\":\"Les \u00e9curies de Palh\u00e8res\"},\"image\":{\"@id\":\"https:\\\/\\\/lesecuriesdepalheres.fr\\\/#\\\/schema\\\/logo\\\/image\\\/\"},\"sameAs\":[\"https:\\\/\\\/www.facebook.com\\\/lesecuriesdepalheres\"]}]}<\/script>\n<!-- \/ Yoast SEO plugin. -->","yoast_head_json":{"title":"Mentions l\u00e9gales - Les \u00e9curies de Palh\u00e8res","description":"Les \u00e9curies de Palh\u00e8res - Rando ou promendade \u00e0 cheval Loz\u00e8re, \u00e9cole d'\u00e9quitation Langogne, Lac de Naussac","robots":{"index":"index","follow":"follow","max-snippet":"max-snippet:-1","max-image-preview":"max-image-preview:large","max-video-preview":"max-video-preview:-1"},"canonical":"https:\/\/lesecuriesdepalheres.fr\/index.php\/mentions-legales\/","og_locale":"fr_FR","og_type":"article","og_title":"Mentions l\u00e9gales - Les \u00e9curies de Palh\u00e8res","og_description":"Les \u00e9curies de Palh\u00e8res - Rando ou promendade \u00e0 cheval Loz\u00e8re, \u00e9cole d'\u00e9quitation Langogne, Lac de Naussac","og_url":"https:\/\/lesecuriesdepalheres.fr\/index.php\/mentions-legales\/","og_site_name":"Les \u00e9curies de Palh\u00e8res","article_publisher":"https:\/\/www.facebook.com\/lesecuriesdepalheres","article_modified_time":"2019-03-26T18:29:42+00:00","twitter_card":"summary_large_image","twitter_misc":{"Dur\u00e9e de lecture estim\u00e9e":"4 minutes"},"schema":{"@context":"https:\/\/schema.org","@graph":[{"@type":"WebPage","@id":"https:\/\/lesecuriesdepalheres.fr\/index.php\/mentions-legales\/","url":"https:\/\/lesecuriesdepalheres.fr\/index.php\/mentions-legales\/","name":"Mentions l\u00e9gales - Les \u00e9curies de Palh\u00e8res","isPartOf":{"@id":"https:\/\/lesecuriesdepalheres.fr\/#website"},"datePublished":"2019-03-21T21:57:21+00:00","dateModified":"2019-03-26T18:29:42+00:00","description":"Les \u00e9curies de Palh\u00e8res - Rando ou promendade \u00e0 cheval Loz\u00e8re, \u00e9cole d'\u00e9quitation Langogne, Lac de Naussac","breadcrumb":{"@id":"https:\/\/lesecuriesdepalheres.fr\/index.php\/mentions-legales\/#breadcrumb"},"inLanguage":"fr-FR","potentialAction":[{"@type":"ReadAction","target":["https:\/\/lesecuriesdepalheres.fr\/index.php\/mentions-legales\/"]}]},{"@type":"BreadcrumbList","@id":"https:\/\/lesecuriesdepalheres.fr\/index.php\/mentions-legales\/#breadcrumb","itemListElement":[{"@type":"ListItem","position":1,"name":"Accueil","item":"https:\/\/lesecuriesdepalheres.fr\/"},{"@type":"ListItem","position":2,"name":"Mentions l\u00e9gales"}]},{"@type":"WebSite","@id":"https:\/\/lesecuriesdepalheres.fr\/#website","url":"https:\/\/lesecuriesdepalheres.fr\/","name":"Les \u00e9curies de Palh\u00e8res","description":"","publisher":{"@id":"https:\/\/lesecuriesdepalheres.fr\/#organization"},"potentialAction":[{"@type":"SearchAction","target":{"@type":"EntryPoint","urlTemplate":"https:\/\/lesecuriesdepalheres.fr\/?s={search_term_string}"},"query-input":{"@type":"PropertyValueSpecification","valueRequired":true,"valueName":"search_term_string"}}],"inLanguage":"fr-FR"},{"@type":"Organization","@id":"https:\/\/lesecuriesdepalheres.fr\/#organization","name":"Les \u00e9curies de Palh\u00e8res","url":"https:\/\/lesecuriesdepalheres.fr\/","logo":{"@type":"ImageObject","inLanguage":"fr-FR","@id":"https:\/\/lesecuriesdepalheres.fr\/#\/schema\/logo\/image\/","url":"https:\/\/lesecuriesdepalheres.fr\/wp-content\/uploads\/2019\/02\/Logo.png","contentUrl":"https:\/\/lesecuriesdepalheres.fr\/wp-content\/uploads\/2019\/02\/Logo.png","width":622,"height":836,"caption":"Les \u00e9curies de Palh\u00e8res"},"image":{"@id":"https:\/\/lesecuriesdepalheres.fr\/#\/schema\/logo\/image\/"},"sameAs":["https:\/\/www.facebook.com\/lesecuriesdepalheres"]}]}},"_links":{"self":[{"href":"https:\/\/lesecuriesdepalheres.fr\/index.php\/wp-json\/wp\/v2\/pages\/1818","targetHints":{"allow":["GET"]}}],"collection":[{"href":"https:\/\/lesecuriesdepalheres.fr\/index.php\/wp-json\/wp\/v2\/pages"}],"about":[{"href":"https:\/\/lesecuriesdepalheres.fr\/index.php\/wp-json\/wp\/v2\/types\/page"}],"author":[{"embeddable":true,"href":"https:\/\/lesecuriesdepalheres.fr\/index.php\/wp-json\/wp\/v2\/users\/2"}],"replies":[{"embeddable":true,"href":"https:\/\/lesecuriesdepalheres.fr\/index.php\/wp-json\/wp\/v2\/comments?post=1818"}],"version-history":[{"count":29,"href":"https:\/\/lesecuriesdepalheres.fr\/index.php\/wp-json\/wp\/v2\/pages\/1818\/revisions"}],"predecessor-version":[{"id":1990,"href":"https:\/\/lesecuriesdepalheres.fr\/index.php\/wp-json\/wp\/v2\/pages\/1818\/revisions\/1990"}],"wp:attachment":[{"href":"https:\/\/lesecuriesdepalheres.fr\/index.php\/wp-json\/wp\/v2\/media?parent=1818"}],"curies":[{"name":"wp","href":"https:\/\/api.w.org\/{rel}","templated":true}]}}